{"id":525,"date":"2023-04-14T13:31:29","date_gmt":"2023-04-14T13:31:29","guid":{"rendered":"https:\/\/www.lesvergersdebonneville.be\/de-hoeve-van-dhuy\/"},"modified":"2025-02-10T13:10:21","modified_gmt":"2025-02-10T13:10:21","slug":"de-hoeve-van-dhuy","status":"publish","type":"page","link":"https:\/\/www.lesvergersdebonneville.be\/nl\/de-hoeve-van-dhuy\/","title":{"rendered":"De hoeve van Dhuy"},"content":{"rendered":"\n<div class=\"slider-wrapper relative\" id=\"slider-879159027\" >\n    <div class=\"slider slider-nav-circle slider-nav-large slider-nav-light slider-style-normal\"\n        data-flickity-options='{\n            \"cellAlign\": \"center\",\n            \"imagesLoaded\": true,\n            \"lazyLoad\": 1,\n            \"freeScroll\": false,\n            \"wrapAround\": true,\n            \"autoPlay\": 6000,\n            \"pauseAutoPlayOnHover\" : true,\n            \"prevNextButtons\": true,\n            \"contain\" : true,\n            \"adaptiveHeight\" : true,\n            \"dragThreshold\" : 10,\n            \"percentPosition\": true,\n            \"pageDots\": true,\n            \"rightToLeft\": false,\n            \"draggable\": true,\n            \"selectedAttraction\": 0.1,\n            \"parallax\" : 0,\n            \"friction\": 0.6        }'\n        >\n        \n\n\n  <div class=\"banner has-hover\" id=\"banner-308262557\">\n          <div class=\"banner-inner fill\">\n        <div class=\"banner-bg fill\" >\n            <img loading=\"lazy\" decoding=\"async\" width=\"900\" height=\"600\" src=\"https:\/\/www.lesvergersdebonneville.be\/wp-content\/uploads\/2023\/04\/Bonneville-Entree-village-copie.jpg\" class=\"bg attachment-large size-large\" alt=\"\" \/>                                    \n                    <\/div>\n\t\t\n        <div class=\"banner-layers container\">\n            <div class=\"fill banner-link\"><\/div>            \n\n\n        <\/div>\n      <\/div>\n\n            \n<style>\n#banner-308262557 {\n  padding-top: 400px;\n}\n#banner-308262557 .banner-bg img {\n  object-position: 0% 39%;\n}\n<\/style>\n  <\/div>\n\n\n\n     <\/div>\n\n     <div class=\"loading-spin dark large centered\"><\/div>\n\n\t<\/div>\n\n\n\n\t<section class=\"section\" id=\"section_353570324\">\n\t\t<div class=\"section-bg fill\" >\n\t\t\t\t\t\t\t\t\t<div class=\"section-bg-overlay absolute fill\"><\/div>\n\t\t\t\n\n\t\t<\/div>\n\n\t\t\n\n\t\t<div class=\"section-content relative\">\n\t\t\t\n\n<div class=\"row row-large align-middle\"  id=\"row-2050260318\">\n\n\n\t<div id=\"col-1573561101\" class=\"col medium-5 small-12 large-5\"  >\n\t\t\t\t<div class=\"col-inner text-left\"  >\n\t\t\t\n\t\t\t\n\n<h2>De hoeve van Dhuy<\/h2>\n<p>De zelfpluktuin en -boomgaard bevinden zich op de site van de prachtige eeuwenoude hoeve van Dhuy. <\/p>\n<p>De eerste boerderij zou in 1587 gebouwd zijn, zoals de datum gebeiteld naast het embleem van de Heer Jean van Namen boven de voordeur aangeeft. Dit gedeelte wordt binnenkort een gastenverblijf.<\/p>\n<p>Net als de kerken van Sclayn en Seilles behoorde de hoeve van Dhuy tot het Duitse klooster van Cornelimunster. Later werd het eigendom van de graven van Namen en daarna van de heren van Dhuy en Flostoy wat de hoeve uiteindelijk zijn naam gaf.<\/p>\n<p>De nouveaux \u00e9difices en calcaire et en briques ont \u00e9t\u00e9 construits du 17\u00e8me au 18\u00e8me si\u00e8cle jusqu\u2019\u00e0 ce que la cour pav\u00e9e soit totalement ferm\u00e9e.<\/p>\n<p>Op de kleine schuur ten zuiden van de vierkanten boerderij tenslotte staat het jaartal 1732. Dit is de \u00ab grange \u00e0 la d\u00eeme \u00bb, de naam verwijst naar de \u00ab tiende \u00bb (d\u00eeme), een belasting op de oogst die destijds aan de Kerk betaald moest worden.<\/p>\n<p>De hoeve is beschermd erfgoed en vormt een harmonieus geheel met het kasteel van Bonneville en de Cense de Jandren, waar tegenwoordig een feestzaal huist. <\/p>\n\n\t\t<\/div>\n\t\t\t\t\t<\/div>\n\n\t\n\n\t<div id=\"col-164883359\" class=\"col medium-7 small-12 large-7\"  >\n\t\t\t\t<div class=\"col-inner\"  >\n\t\t\t\n\t\t\t\n\n  <div class=\"banner-grid-wrapper\">\n  <div id=\"banner-grid-1933133878\" class=\"banner-grid row row-grid row-small\" data-packery-options=\"\">\n                      \n\n<div class=\"col grid-col large-12 grid-col-2-3\" ><div class=\"col-inner\">\n\n\t<div class=\"img has-hover x md-x lg-x y md-y lg-y\" id=\"image_692649768\">\n\t\t\t\t\t\t\t\t<div class=\"img-inner dark\" >\n\t\t\t<img loading=\"lazy\" decoding=\"async\" width=\"1000\" height=\"563\" src=\"https:\/\/www.lesvergersdebonneville.be\/wp-content\/uploads\/2023\/04\/groseillers-rz.jpg\" class=\"attachment-large size-large\" alt=\"Vergers de Bonneville - Groseillers\" srcset=\"https:\/\/www.lesvergersdebonneville.be\/wp-content\/uploads\/2023\/04\/groseillers-rz.jpg 1000w, https:\/\/www.lesvergersdebonneville.be\/wp-content\/uploads\/2023\/04\/groseillers-rz-710x400.jpg 710w, https:\/\/www.lesvergersdebonneville.be\/wp-content\/uploads\/2023\/04\/groseillers-rz-768x432.jpg 768w, https:\/\/www.lesvergersdebonneville.be\/wp-content\/uploads\/2023\/04\/groseillers-rz-600x338.jpg 600w\" sizes=\"auto, (max-width: 1000px) 100vw, 1000px\" \/>\t\t\t\t\t\t\n\t\t\t\t\t<\/div>\n\t\t\t\t\t\t\t\t\n<style>\n#image_692649768 {\n  width: 100%;\n}\n<\/style>\n\t<\/div>\n\t\n\n\n<\/div><\/div>\n<div class=\"col grid-col large-6 grid-col-1-3\" ><div class=\"col-inner\">\n\n\t<div class=\"img has-hover x md-x lg-x y md-y lg-y\" id=\"image_1687774417\">\n\t\t\t\t\t\t\t\t<div class=\"img-inner dark\" >\n\t\t\t<img loading=\"lazy\" decoding=\"async\" width=\"1000\" height=\"563\" src=\"https:\/\/www.lesvergersdebonneville.be\/wp-content\/uploads\/2023\/04\/arbres-en-fleurs-RZ.jpg\" class=\"attachment-large size-large\" alt=\"\" srcset=\"https:\/\/www.lesvergersdebonneville.be\/wp-content\/uploads\/2023\/04\/arbres-en-fleurs-RZ.jpg 1000w, https:\/\/www.lesvergersdebonneville.be\/wp-content\/uploads\/2023\/04\/arbres-en-fleurs-RZ-710x400.jpg 710w, https:\/\/www.lesvergersdebonneville.be\/wp-content\/uploads\/2023\/04\/arbres-en-fleurs-RZ-768x432.jpg 768w, https:\/\/www.lesvergersdebonneville.be\/wp-content\/uploads\/2023\/04\/arbres-en-fleurs-RZ-600x338.jpg 600w\" sizes=\"auto, (max-width: 1000px) 100vw, 1000px\" \/>\t\t\t\t\t\t\n\t\t\t\t\t<\/div>\n\t\t\t\t\t\t\t\t\n<style>\n#image_1687774417 {\n  width: 100%;\n}\n<\/style>\n\t<\/div>\n\t\n\n\n<\/div><\/div>\n<div class=\"col grid-col large-6 grid-col-1-3\" ><div class=\"col-inner\">\n\n\t<div class=\"img has-hover x md-x lg-x y md-y lg-y\" id=\"image_1396115978\">\n\t\t\t\t\t\t\t\t<div class=\"img-inner dark\" >\n\t\t\t<img loading=\"lazy\" decoding=\"async\" width=\"550\" height=\"380\" src=\"https:\/\/www.lesvergersdebonneville.be\/wp-content\/uploads\/2023\/04\/cover-bonneville-550x380-1.jpg\" class=\"attachment-large size-large\" alt=\"\" \/>\t\t\t\t\t\t\n\t\t\t\t\t<\/div>\n\t\t\t\t\t\t\t\t\n<style>\n#image_1396115978 {\n  width: 100%;\n}\n<\/style>\n\t<\/div>\n\t\n\n\n<\/div><\/div>\n\n            <\/div>\n    <style>\n    #banner-grid-1933133878 .grid-col-1{height: 600px}\n    #banner-grid-1933133878 .grid-col-1-2{height: 300px}\n    #banner-grid-1933133878 .grid-col-1-3{height:200px}\n    #banner-grid-1933133878 .grid-col-2-3{height: 400px}\n    #banner-grid-1933133878 .grid-col-1-4{height: 150px}\n    #banner-grid-1933133878 .grid-col-3-4{height: 450px}\n\n\n    \n    \n\n  <\/style>\n    <\/div>\n  \n\n\t\t<\/div>\n\t\t\t\t\t<\/div>\n\n\t\n\n<\/div>\n\n\t\t<\/div>\n\n\t\t\n<style>\n#section_353570324 {\n  padding-top: 60px;\n  padding-bottom: 60px;\n  background-color: rgb(193, 193, 193);\n}\n#section_353570324 .section-bg-overlay {\n  background-color: rgba(255, 255, 255, 0.85);\n}\n<\/style>\n\t<\/section>\n\t\n\n","protected":false},"excerpt":{"rendered":"","protected":false},"author":1,"featured_media":0,"parent":0,"menu_order":0,"comment_status":"closed","ping_status":"closed","template":"page-blank.php","meta":{"footnotes":""},"class_list":["post-525","page","type-page","status-publish","hentry"],"aioseo_notices":[],"_links":{"self":[{"href":"https:\/\/www.lesvergersdebonneville.be\/nl\/wp-json\/wp\/v2\/pages\/525","targetHints":{"allow":["GET"]}}],"collection":[{"href":"https:\/\/www.lesvergersdebonneville.be\/nl\/wp-json\/wp\/v2\/pages"}],"about":[{"href":"https:\/\/www.lesvergersdebonneville.be\/nl\/wp-json\/wp\/v2\/types\/page"}],"author":[{"embeddable":true,"href":"https:\/\/www.lesvergersdebonneville.be\/nl\/wp-json\/wp\/v2\/users\/1"}],"replies":[{"embeddable":true,"href":"https:\/\/www.lesvergersdebonneville.be\/nl\/wp-json\/wp\/v2\/comments?post=525"}],"version-history":[{"count":3,"href":"https:\/\/www.lesvergersdebonneville.be\/nl\/wp-json\/wp\/v2\/pages\/525\/revisions"}],"predecessor-version":[{"id":719,"href":"https:\/\/www.lesvergersdebonneville.be\/nl\/wp-json\/wp\/v2\/pages\/525\/revisions\/719"}],"wp:attachment":[{"href":"https:\/\/www.lesvergersdebonneville.be\/nl\/wp-json\/wp\/v2\/media?parent=525"}],"curies":[{"name":"wp","href":"https:\/\/api.w.org\/{rel}","templated":true}]}}