{"id":739,"date":"2025-02-10T15:10:58","date_gmt":"2025-02-10T15:10:58","guid":{"rendered":"https:\/\/www.lesvergersdebonneville.be\/?page_id=739"},"modified":"2025-09-30T07:24:21","modified_gmt":"2025-09-30T07:24:21","slug":"contact-us","status":"publish","type":"page","link":"https:\/\/www.lesvergersdebonneville.be\/en\/contact-us\/","title":{"rendered":"Contact us"},"content":{"rendered":"\n<div class=\"slider-wrapper relative\" id=\"slider-2082866628\" >\n    <div class=\"slider slider-nav-circle slider-nav-large slider-nav-light slider-style-normal\"\n        data-flickity-options='{\n            \"cellAlign\": \"center\",\n            \"imagesLoaded\": true,\n            \"lazyLoad\": 1,\n            \"freeScroll\": false,\n            \"wrapAround\": true,\n            \"autoPlay\": 6000,\n            \"pauseAutoPlayOnHover\" : true,\n            \"prevNextButtons\": true,\n            \"contain\" : true,\n            \"adaptiveHeight\" : true,\n            \"dragThreshold\" : 10,\n            \"percentPosition\": true,\n            \"pageDots\": true,\n            \"rightToLeft\": false,\n            \"draggable\": true,\n            \"selectedAttraction\": 0.1,\n            \"parallax\" : 0,\n            \"friction\": 0.6        }'\n        >\n        \n\n\n  <div class=\"banner has-hover\" id=\"banner-893286006\">\n          <div class=\"banner-inner fill\">\n        <div class=\"banner-bg fill\" >\n            <img loading=\"lazy\" decoding=\"async\" width=\"1020\" height=\"668\" src=\"https:\/\/www.lesvergersdebonneville.be\/wp-content\/uploads\/2023\/08\/cueillette-mure-du-Japon-1221x800.jpg\" class=\"bg attachment-large size-large\" alt=\"cueillette m\u00fbres du Japon\" \/>                        <div class=\"overlay\"><\/div>            \n                    <\/div>\n\t\t\n        <div class=\"banner-layers container\">\n            <div class=\"fill banner-link\"><\/div>            \n\n   <div id=\"text-box-764739766\" class=\"text-box banner-layer text-box-circle hidden x90 md-x90 lg-x90 y50 md-y50 lg-y50 res-text\">\n                                <div class=\"text-box-content text box-shadow-3 dark\">\n              \n              <div class=\"text-inner text-center\">\n                  \n\n<h2><strong>Vous pouvez \u00e9galement <br \/><\/strong><\/h2>\n<h3>Nous suivre sur<\/h3>\n<a href=\"https:\/\/www.facebook.com\/lesvergersdebonneville\" target=\"_blank\" class=\"button white is-outline\" rel=\"noopener\" >\n\t\t<span>FACEBOOK<\/span>\n\t<\/a>\n\n\n\n              <\/div>\n           <\/div>\n                            \n<style>\n#text-box-764739766 .text-box-content {\n  background-color: rgba(161, 4, 4, 0.698);\n  font-size: 100%;\n}\n#text-box-764739766 .text-inner {\n  padding: 30px 30px 30px 30px;\n}\n#text-box-764739766 {\n  width: 60%;\n}\n@media (min-width:550px) {\n  #text-box-764739766 {\n    width: 30%;\n  }\n}\n<\/style>\n    <\/div>\n \n\n        <\/div>\n      <\/div>\n\n            \n<style>\n#banner-893286006 {\n  padding-top: 200px;\n}\n#banner-893286006 .overlay {\n  background-color: rgba(0, 0, 0, 0.2);\n}\n#banner-893286006 .banner-bg img {\n  object-position: 47% 42%;\n}\n@media (min-width:550px) {\n  #banner-893286006 {\n    padding-top: 450px;\n  }\n}\n<\/style>\n  <\/div>\n\n\n\n     <\/div>\n\n     <div class=\"loading-spin dark large centered\"><\/div>\n\n\t<\/div>\n\n\n<div class=\"row\"  id=\"row-2071376045\">\n\n\n\t<div id=\"col-1320599837\" class=\"col medium-6 small-12 large-6\"  >\n\t\t\t\t<div class=\"col-inner\"  >\n\t\t\t\n\t\t\t\n\n<div class=\"container section-title-container\" ><h3 class=\"section-title section-title-normal\"><b aria-hidden=\"true\"><\/b><span class=\"section-title-main\" >Contact us<\/span><b aria-hidden=\"true\"><\/b><\/h3><\/div>\n\n<h3 class=\"lead\">Les Vergers de Bonneville<\/h3>\n<p>Dieryck Albertine<br \/>Rue Sterpisse 127 <br \/>5300 Bonneville (Andenne)<\/p>\n<p><span style=\"font-size: 110%;\">Email : <\/span><a href=\"mailto:info@lesvergersdebonneville.be\"><span style=\"font-size: 110%;\">info@lesvergersdebonneville.be<\/span><\/a><\/p>\n<p>TVA : BE.0549.763.336<\/p>\n<p><img loading=\"lazy\" decoding=\"async\" class=\"alignnone wp-image-352\" src=\"https:\/\/www.lesvergersdebonneville.be\/wp-content\/uploads\/2023\/04\/EU_Organic_Logo_Colour_gd-518x400.png\" alt=\"\" width=\"200\" height=\"154\" srcset=\"https:\/\/www.lesvergersdebonneville.be\/wp-content\/uploads\/2023\/04\/EU_Organic_Logo_Colour_gd-518x400.png 518w, https:\/\/www.lesvergersdebonneville.be\/wp-content\/uploads\/2023\/04\/EU_Organic_Logo_Colour_gd-1037x800.png 1037w, https:\/\/www.lesvergersdebonneville.be\/wp-content\/uploads\/2023\/04\/EU_Organic_Logo_Colour_gd-768x593.png 768w, https:\/\/www.lesvergersdebonneville.be\/wp-content\/uploads\/2023\/04\/EU_Organic_Logo_Colour_gd-1536x1185.png 1536w, https:\/\/www.lesvergersdebonneville.be\/wp-content\/uploads\/2023\/04\/EU_Organic_Logo_Colour_gd-2048x1580.png 2048w, https:\/\/www.lesvergersdebonneville.be\/wp-content\/uploads\/2023\/04\/EU_Organic_Logo_Colour_gd-600x463.png 600w\" sizes=\"auto, (max-width: 200px) 100vw, 200px\" \/><\/p>\n<p><a href=\"https:\/\/www.facebook.com\/lesvergersdebonneville\" target=\"_blank\" rel=\"noopener\"><img loading=\"lazy\" decoding=\"async\" class=\"alignnone wp-image-451\" src=\"https:\/\/www.lesvergersdebonneville.be\/wp-content\/uploads\/2023\/04\/facebook.png\" alt=\"Suivre Les Vergers de Bonneville sur Facebook\" width=\"200\" height=\"106\" \/><\/a><\/p>\n<p><a href=\"https:\/\/www.instagram.com\/lesvergersdebonneville\/\" target=\"_blank\" rel=\"noopener\"><img loading=\"lazy\" decoding=\"async\" class=\"alignnone wp-image-710\" src=\"https:\/\/www.lesvergersdebonneville.be\/wp-content\/uploads\/2025\/02\/instagram-400x400.png\" alt=\"instagram\" width=\"150\" height=\"150\" srcset=\"https:\/\/www.lesvergersdebonneville.be\/wp-content\/uploads\/2025\/02\/instagram-400x400.png 400w, https:\/\/www.lesvergersdebonneville.be\/wp-content\/uploads\/2025\/02\/instagram-280x280.png 280w, https:\/\/www.lesvergersdebonneville.be\/wp-content\/uploads\/2025\/02\/instagram.png 512w\" sizes=\"auto, (max-width: 150px) 100vw, 150px\" \/><\/a><\/p>\n\n\t\t<\/div>\n\t\t\t\t\t<\/div>\n\n\t\n\n\t<div id=\"col-1615334598\" class=\"col medium-6 small-12 large-6\"  >\n\t\t\t\t<div class=\"col-inner\"  >\n\t\t\t\n\t\t\t\n\n<div class=\"container section-title-container\" ><h3 class=\"section-title section-title-normal\"><b aria-hidden=\"true\"><\/b><span class=\"section-title-main\" >Find us :<\/span><b aria-hidden=\"true\"><\/b><\/h3><\/div>\n\n\t<div id=\"text-3831848094\" class=\"text hidden\">\n\t\t\n\n<h3 class=\"lead\">Autocueillette<\/h3>\n<h5>Heures d\u2019ouverture<\/h5>\n<h5>Du 21\/06\/23 au 14\/09\/23 <br \/>Tous les jours de 9h \u00e0 12h30<\/h5>\n<h5>Du 15\/09\/23 au 15\/10\/23<br \/>Samedi : 10h \u00e0 16h. Dimanche : 10h \u00e0 14h. Ou sur rendez-vous<\/h5>\n<h3>Itin\u00e9raire<\/h3>\n<p>A l&#8217;\u00e9glise de Bonneville, prendre la rue Sterpisse, entre le ch\u00e2teau de Bonneville et la ferme de Dhuy, puis prendre le chemin en terre \u00e0 gauche 100m plus loin.<\/p>\n<p><iframe loading=\"lazy\" style=\"border: 0;\" src=\"https:\/\/www.google.com\/maps\/embed?pb=!1m18!1m12!1m3!1d5078.885816574205!2d5.030525583212671!3d50.470097810339674!2m3!1f0!2f0!3f0!3m2!1i1024!2i768!4f13.1!3m3!1m2!1s0x47c1a3f3394aa245%3A0x12fa732f43380155!2sRue%20Sterpisse%20127%2C%205300%20Andenne!5e0!3m2!1sfr!2sbe!4v1681803255192!5m2!1sfr!2sbe\" width=\"600\" height=\"450\" allowfullscreen=\"allowfullscreen\"><\/iframe><\/p>\n<p><!--\n\n\n\n\n\n\n\n\n\n\n\n<p><iframe src=\"https:\/\/www.google.com\/maps\/embed?pb=!4v1681810343968!6m8!1m7!1su9UPculHTJgx6Lht-VQwPA!2m2!1d50.4690297790763!2d5.035904250856886!3f9.471949379976138!4f-9.317135979680543!5f0.7820865974627469\" style=\"border:0;\" allowfullscreen=\"\" loading=\"lazy\" referrerpolicy=\"no-referrer-when-downgrade\" width=\"600\" height=\"450\"><\/iframe><\/p>\n\n\n\n\n\n\n\n\n\n\n\n--><\/p>\n\t\t\t<\/div>\n\t\n<h3 class=\"lead\">Pick your own<\/h3>\n<p><strong>The season is over. <\/strong><br \/><strong>We&#8217;ll be back in June or July depending on the weather.<\/strong><\/p>\n<h3>Itinerary<\/h3>\n<p>At the church of Bonneville, take the Sterpisse street, between the castle of Bonneville and the farm of Dhuy, then take the dirt road about 200m further on your left, the parking and the entrance are 100m further on your left again.<\/p>\n<p><iframe loading=\"lazy\" style=\"border: 0;\" src=\"https:\/\/www.google.com\/maps\/embed?pb=!1m18!1m12!1m3!1d5078.885816574205!2d5.030525583212671!3d50.470097810339674!2m3!1f0!2f0!3f0!3m2!1i1024!2i768!4f13.1!3m3!1m2!1s0x47c1a3f3394aa245%3A0x12fa732f43380155!2sRue%20Sterpisse%20127%2C%205300%20Andenne!5e0!3m2!1sfr!2sbe!4v1681803255192!5m2!1sfr!2sbe\" width=\"600\" height=\"450\" allowfullscreen=\"allowfullscreen\"><\/iframe><\/p>\n<p><!--\n\n\n\n\n\n\n\n\n\n\n\n\n\n\n\n\n\n\n\n\n\n<p><iframe src=\"https:\/\/www.google.com\/maps\/embed?pb=!4v1681810343968!6m8!1m7!1su9UPculHTJgx6Lht-VQwPA!2m2!1d50.4690297790763!2d5.035904250856886!3f9.471949379976138!4f-9.317135979680543!5f0.7820865974627469\" style=\"border:0;\" allowfullscreen=\"\" loading=\"lazy\" referrerpolicy=\"no-referrer-when-downgrade\" width=\"600\" height=\"450\"><\/iframe><\/p>\n\n\n\n\n\n\n\n\n\n\n\n\n\n\n\n\n\n\n\n\n\n--><\/p>\n\n\t\t<\/div>\n\t\t\t\t\t<\/div>\n\n\t\n\n<\/div>\n<p>&nbsp;<\/p>\n\n","protected":false},"excerpt":{"rendered":"","protected":false},"author":1,"featured_media":326,"parent":0,"menu_order":0,"comment_status":"closed","ping_status":"closed","template":"page-blank.php","meta":{"footnotes":""},"class_list":["post-739","page","type-page","status-publish","has-post-thumbnail","hentry"],"aioseo_notices":[],"_links":{"self":[{"href":"https:\/\/www.lesvergersdebonneville.be\/en\/wp-json\/wp\/v2\/pages\/739","targetHints":{"allow":["GET"]}}],"collection":[{"href":"https:\/\/www.lesvergersdebonneville.be\/en\/wp-json\/wp\/v2\/pages"}],"about":[{"href":"https:\/\/www.lesvergersdebonneville.be\/en\/wp-json\/wp\/v2\/types\/page"}],"author":[{"embeddable":true,"href":"https:\/\/www.lesvergersdebonneville.be\/en\/wp-json\/wp\/v2\/users\/1"}],"replies":[{"embeddable":true,"href":"https:\/\/www.lesvergersdebonneville.be\/en\/wp-json\/wp\/v2\/comments?post=739"}],"version-history":[{"count":4,"href":"https:\/\/www.lesvergersdebonneville.be\/en\/wp-json\/wp\/v2\/pages\/739\/revisions"}],"predecessor-version":[{"id":760,"href":"https:\/\/www.lesvergersdebonneville.be\/en\/wp-json\/wp\/v2\/pages\/739\/revisions\/760"}],"wp:featuredmedia":[{"embeddable":true,"href":"https:\/\/www.lesvergersdebonneville.be\/en\/wp-json\/wp\/v2\/media\/326"}],"wp:attachment":[{"href":"https:\/\/www.lesvergersdebonneville.be\/en\/wp-json\/wp\/v2\/media?parent=739"}],"curies":[{"name":"wp","href":"https:\/\/api.w.org\/{rel}","templated":true}]}}